{"id":759,"date":"2024-08-08T01:00:39","date_gmt":"2024-08-08T01:00:39","guid":{"rendered":"https:\/\/easystartmkt.com.br\/teste\/?page_id=759"},"modified":"2024-12-27T16:59:39","modified_gmt":"2024-12-27T16:59:39","slug":"quem-somos","status":"publish","type":"page","link":"https:\/\/easystartmkt.com.br\/teste\/quem-somos\/","title":{"rendered":"Quem Somos"},"content":{"rendered":"\t\t<div data-elementor-type=\"wp-page\" data-elementor-id=\"759\" class=\"elementor elementor-759\" data-elementor-post-type=\"page\">\n\t\t\t\t<div data-particle_enable=\"false\" data-particle-mobile-disabled=\"false\" class=\"elementor-element elementor-element-c05bd14 e-flex e-con-boxed elementor-invisible e-con e-parent\" data-id=\"c05bd14\" data-element_type=\"container\" data-settings=\"{&quot;background_background&quot;:&quot;classic&quot;,&quot;shape_divider_bottom&quot;:&quot;waves&quot;,&quot;shape_divider_bottom_negative&quot;:&quot;yes&quot;,&quot;animation&quot;:&quot;fadeInDown&quot;}\">\n\t\t\t\t\t<div class=\"e-con-inner\">\n\t\t\t\t<div class=\"elementor-shape elementor-shape-bottom\" aria-hidden=\"true\" data-negative=\"true\">\n\t\t\t<svg xmlns=\"http:\/\/www.w3.org\/2000\/svg\" viewBox=\"0 0 1000 100\" preserveAspectRatio=\"none\">\n\t<path class=\"elementor-shape-fill\" d=\"M790.5,93.1c-59.3-5.3-116.8-18-192.6-50c-29.6-12.7-76.9-31-100.5-35.9c-23.6-4.9-52.6-7.8-75.5-5.3\n\tc-10.2,1.1-22.6,1.4-50.1,7.4c-27.2,6.3-58.2,16.6-79.4,24.7c-41.3,15.9-94.9,21.9-134,22.6C72,58.2,0,25.8,0,25.8V100h1000V65.3\n\tc0,0-51.5,19.4-106.2,25.7C839.5,97,814.1,95.2,790.5,93.1z\"\/>\n<\/svg>\t\t<\/div>\n\t\t<div data-particle_enable=\"false\" data-particle-mobile-disabled=\"false\" class=\"elementor-element elementor-element-c7e238f e-con-full entrada e-flex e-con e-child\" data-id=\"c7e238f\" data-element_type=\"container\" data-settings=\"{&quot;background_background&quot;:&quot;classic&quot;,&quot;animation&quot;:&quot;none&quot;}\">\n\t\t\t\t<div class=\"elementor-element elementor-element-4450628 elementor-widget elementor-widget-heading\" data-id=\"4450628\" data-element_type=\"widget\" data-widget_type=\"heading.default\">\n\t\t\t\t<div class=\"elementor-widget-container\">\n\t\t\t\t\t<h1 class=\"elementor-heading-title elementor-size-default\">Conhe\u00e7a nossa hist\u00f3ria<\/h1>\t\t\t\t<\/div>\n\t\t\t\t<\/div>\n\t\t\t\t<\/div>\n\t\t\t\t\t<\/div>\n\t\t\t\t<\/div>\n\t\t<div data-particle_enable=\"false\" data-particle-mobile-disabled=\"false\" class=\"elementor-element elementor-element-ead771b e-flex e-con-boxed e-con e-parent\" data-id=\"ead771b\" data-element_type=\"container\" data-settings=\"{&quot;animation&quot;:&quot;none&quot;}\">\n\t\t\t\t\t<div class=\"e-con-inner\">\n\t\t<div data-particle_enable=\"false\" data-particle-mobile-disabled=\"false\" class=\"elementor-element elementor-element-c72cf20 e-con-full scroll-top e-flex e-con e-child\" data-id=\"c72cf20\" data-element_type=\"container\" data-settings=\"{&quot;background_background&quot;:&quot;classic&quot;,&quot;animation&quot;:&quot;none&quot;}\">\n\t\t<div data-particle_enable=\"false\" data-particle-mobile-disabled=\"false\" class=\"elementor-element elementor-element-cb3a85c e-con-full entrada e-flex e-con e-child\" data-id=\"cb3a85c\" data-element_type=\"container\" data-settings=\"{&quot;background_background&quot;:&quot;classic&quot;}\">\n\t\t\t\t<div class=\"elementor-element elementor-element-032a341 elementor-widget elementor-widget-heading\" data-id=\"032a341\" data-element_type=\"widget\" data-widget_type=\"heading.default\">\n\t\t\t\t<div class=\"elementor-widget-container\">\n\t\t\t\t\t<div class=\"elementor-heading-title elementor-size-default\">+30<\/div>\t\t\t\t<\/div>\n\t\t\t\t<\/div>\n\t\t\t\t<div class=\"elementor-element elementor-element-a7dfb0d elementor-widget elementor-widget-heading\" data-id=\"a7dfb0d\" data-element_type=\"widget\" data-widget_type=\"heading.default\">\n\t\t\t\t<div class=\"elementor-widget-container\">\n\t\t\t\t\t<div class=\"elementor-heading-title elementor-size-default\">anos de experi\u00eancia<\/div>\t\t\t\t<\/div>\n\t\t\t\t<\/div>\n\t\t\t\t<\/div>\n\t\t\t\t<div class=\"elementor-element elementor-element-ca2324d elementor-widget elementor-widget-image\" data-id=\"ca2324d\" data-element_type=\"widget\" data-widget_type=\"image.default\">\n\t\t\t\t<div class=\"elementor-widget-container\">\n\t\t\t\t\t\t\t\t\t\t\t\t\t\t\t<img fetchpriority=\"high\" decoding=\"async\" width=\"1078\" height=\"779\" src=\"https:\/\/easystartmkt.com.br\/teste\/wp-content\/uploads\/2024\/10\/fbc93ab0-fbe8-4bad-b902-0bb0ce2e44d9.jpg\" class=\"attachment-full size-full wp-image-1854\" alt=\"\" srcset=\"https:\/\/easystartmkt.com.br\/teste\/wp-content\/uploads\/2024\/10\/fbc93ab0-fbe8-4bad-b902-0bb0ce2e44d9.jpg 1078w, https:\/\/easystartmkt.com.br\/teste\/wp-content\/uploads\/2024\/10\/fbc93ab0-fbe8-4bad-b902-0bb0ce2e44d9-300x217.jpg 300w, https:\/\/easystartmkt.com.br\/teste\/wp-content\/uploads\/2024\/10\/fbc93ab0-fbe8-4bad-b902-0bb0ce2e44d9-1024x740.jpg 1024w, https:\/\/easystartmkt.com.br\/teste\/wp-content\/uploads\/2024\/10\/fbc93ab0-fbe8-4bad-b902-0bb0ce2e44d9-768x555.jpg 768w, https:\/\/easystartmkt.com.br\/teste\/wp-content\/uploads\/2024\/10\/fbc93ab0-fbe8-4bad-b902-0bb0ce2e44d9-600x434.jpg 600w\" sizes=\"(max-width: 1078px) 100vw, 1078px\" \/>\t\t\t\t\t\t\t\t\t\t\t\t\t\t\t<\/div>\n\t\t\t\t<\/div>\n\t\t\t\t<\/div>\n\t\t<div data-particle_enable=\"false\" data-particle-mobile-disabled=\"false\" class=\"elementor-element elementor-element-3fcaa2a e-con-full scroll-top e-flex e-con e-child\" data-id=\"3fcaa2a\" data-element_type=\"container\">\n\t\t\t\t<div class=\"elementor-element elementor-element-d580fa4 elementor-widget elementor-widget-heading\" data-id=\"d580fa4\" data-element_type=\"widget\" data-widget_type=\"heading.default\">\n\t\t\t\t<div class=\"elementor-widget-container\">\n\t\t\t\t\t<h6 class=\"elementor-heading-title elementor-size-default\">Itu Petro<\/h6>\t\t\t\t<\/div>\n\t\t\t\t<\/div>\n\t\t\t\t<div class=\"elementor-element elementor-element-7976892 elementor-widget elementor-widget-elementskit-heading\" data-id=\"7976892\" data-element_type=\"widget\" data-widget_type=\"elementskit-heading.default\">\n\t\t\t\t<div class=\"elementor-widget-container\">\n\t\t\t\t\t<div class=\"ekit-wid-con\" ><div class=\"ekit-heading elementskit-section-title-wraper text_left   ekit_heading_tablet-   ekit_heading_mobile-\"><h2 class=\"ekit-heading--title elementskit-section-title text_fill\"><span><span>Desde 1991<\/span><\/span> distribuindo \u00f3leo diesel com qualidade, agilidade, pontualidade e confian\u00e7a.<\/h2><\/div><\/div>\t\t\t\t<\/div>\n\t\t\t\t<\/div>\n\t\t\t\t<div class=\"elementor-element elementor-element-cbb816c elementor-widget elementor-widget-text-editor\" data-id=\"cbb816c\" data-element_type=\"widget\" data-widget_type=\"text-editor.default\">\n\t\t\t\t<div class=\"elementor-widget-container\">\n\t\t\t\t\t\t\t\t\t<p>Desde sua funda\u00e7\u00e3o em 1991, a Itu Petro se destaca pela excel\u00eancia na qualidade dos produtos, efici\u00eancia e agilidade em sua log\u00edstica. Nossa miss\u00e3o \u00e9 fornecer \u00f3leo diesel diretamente aos pequenos, m\u00e9dios e grandes consumidores, otimizando o abastecimento de grupos geradores, m\u00e1quinas e ve\u00edculos em seus endere\u00e7os.<\/p><p>Contamos com uma equipe altamente preparada e especializada, frota composta por caminh\u00f5es novos e modernos, rigoroso padr\u00e3o de limpeza e inspe\u00e7\u00e3o cotidiana.<\/p>\t\t\t\t\t\t\t\t<\/div>\n\t\t\t\t<\/div>\n\t\t\t\t<\/div>\n\t\t\t\t\t<\/div>\n\t\t\t\t<\/div>\n\t\t<div data-particle_enable=\"false\" data-particle-mobile-disabled=\"false\" class=\"elementor-element elementor-element-5dc6f0b e-flex e-con-boxed e-con e-parent\" data-id=\"5dc6f0b\" data-element_type=\"container\" data-settings=\"{&quot;animation&quot;:&quot;none&quot;,&quot;animation_delay&quot;:200}\">\n\t\t\t\t\t<div class=\"e-con-inner\">\n\t\t<div data-particle_enable=\"false\" data-particle-mobile-disabled=\"false\" class=\"elementor-element elementor-element-df483f0 scroll-top e-flex e-con-boxed e-con e-parent\" data-id=\"df483f0\" data-element_type=\"container\" data-settings=\"{&quot;background_background&quot;:&quot;classic&quot;}\">\n\t\t\t\t\t<div class=\"e-con-inner\">\n\t\t\t\t<div class=\"elementor-element elementor-element-0c720db elementor-widget__width-inherit elementor-widget-mobile__width-inherit elementor-widget elementor-widget-counter\" data-id=\"0c720db\" data-element_type=\"widget\" data-widget_type=\"counter.default\">\n\t\t\t\t<div class=\"elementor-widget-container\">\n\t\t\t\t\t\t\t<div class=\"elementor-counter\">\n\t\t\t<div class=\"elementor-counter-title\">clientes<\/div>\t\t\t<div class=\"elementor-counter-number-wrapper\">\n\t\t\t\t<span class=\"elementor-counter-number-prefix\">+<\/span>\n\t\t\t\t<span class=\"elementor-counter-number\" data-duration=\"2000\" data-to-value=\"325\" data-from-value=\"0\" data-delimiter=\",\">0<\/span>\n\t\t\t\t<span class=\"elementor-counter-number-suffix\"><\/span>\n\t\t\t<\/div>\n\t\t<\/div>\n\t\t\t\t\t\t<\/div>\n\t\t\t\t<\/div>\n\t\t\t\t<div class=\"elementor-element elementor-element-de5bb6d elementor-widget__width-inherit elementor-widget elementor-widget-counter\" data-id=\"de5bb6d\" data-element_type=\"widget\" data-widget_type=\"counter.default\">\n\t\t\t\t<div class=\"elementor-widget-container\">\n\t\t\t\t\t\t\t<div class=\"elementor-counter\">\n\t\t\t<div class=\"elementor-counter-title\">de litros fornecidos todo ano<\/div>\t\t\t<div class=\"elementor-counter-number-wrapper\">\n\t\t\t\t<span class=\"elementor-counter-number-prefix\">+<\/span>\n\t\t\t\t<span class=\"elementor-counter-number\" data-duration=\"2000\" data-to-value=\"36\" data-from-value=\"0\" data-delimiter=\",\">0<\/span>\n\t\t\t\t<span class=\"elementor-counter-number-suffix\"> milh\u00f5es<\/span>\n\t\t\t<\/div>\n\t\t<\/div>\n\t\t\t\t\t\t<\/div>\n\t\t\t\t<\/div>\n\t\t\t\t\t<\/div>\n\t\t\t\t<\/div>\n\t\t\t\t\t<\/div>\n\t\t\t\t<\/div>\n\t\t<div data-particle_enable=\"false\" data-particle-mobile-disabled=\"false\" class=\"elementor-element elementor-element-d16d3eb e-flex e-con-boxed e-con e-parent\" data-id=\"d16d3eb\" data-element_type=\"container\">\n\t\t\t\t\t<div class=\"e-con-inner\">\n\t\t<div data-particle_enable=\"false\" data-particle-mobile-disabled=\"false\" class=\"elementor-element elementor-element-2acdcfb e-con-full e-flex e-con e-child\" data-id=\"2acdcfb\" data-element_type=\"container\">\n\t\t\t\t<div class=\"elementor-element elementor-element-4b74b76 scroll-right elementor-invisible elementor-widget elementor-widget-heading\" data-id=\"4b74b76\" data-element_type=\"widget\" data-settings=\"{&quot;_animation&quot;:&quot;fadeIn&quot;}\" data-widget_type=\"heading.default\">\n\t\t\t\t<div class=\"elementor-widget-container\">\n\t\t\t\t\t<h6 class=\"elementor-heading-title elementor-size-default\">frota<\/h6>\t\t\t\t<\/div>\n\t\t\t\t<\/div>\n\t\t\t\t<div class=\"elementor-element elementor-element-fdac013 scroll-right elementor-invisible elementor-widget elementor-widget-elementskit-heading\" data-id=\"fdac013\" data-element_type=\"widget\" data-settings=\"{&quot;_animation&quot;:&quot;fadeInUp&quot;}\" data-widget_type=\"elementskit-heading.default\">\n\t\t\t\t<div class=\"elementor-widget-container\">\n\t\t\t\t\t<div class=\"ekit-wid-con\" ><div class=\"ekit-heading elementskit-section-title-wraper text_left   ekit_heading_tablet-   ekit_heading_mobile-\"><h2 class=\"ekit-heading--title elementskit-section-title text_fill\">Entrega segura e eficiente, <span><span>sempre ao seu alcance<\/span><\/span><\/h2><\/div><\/div>\t\t\t\t<\/div>\n\t\t\t\t<\/div>\n\t\t\t\t<div class=\"elementor-element elementor-element-38641d1 scroll-right elementor-widget elementor-widget-text-editor\" data-id=\"38641d1\" data-element_type=\"widget\" data-settings=\"{&quot;_animation&quot;:&quot;none&quot;}\" data-widget_type=\"text-editor.default\">\n\t\t\t\t<div class=\"elementor-widget-container\">\n\t\t\t\t\t\t\t\t\t<p>O time respons\u00e1vel pelo transporte \u00e9 composta por profissionais treinados e qualificados, sempre equipados com c\u00e2meras, rastreadores e radiocomunicador para garantir excel\u00eancia na entrega.<\/p><p>Garantimos a entrega do seu combust\u00edvel, desde 100 at\u00e9 30.000 litros. Assegurando o mais alto padr\u00e3o de seguran\u00e7a e efic\u00e1cia.<\/p>\t\t\t\t\t\t\t\t<\/div>\n\t\t\t\t<\/div>\n\t\t\t\t<\/div>\n\t\t<div data-particle_enable=\"false\" data-particle-mobile-disabled=\"false\" class=\"elementor-element elementor-element-d8b7865 e-con-full scroll-top e-flex e-con e-child\" data-id=\"d8b7865\" data-element_type=\"container\" data-settings=\"{&quot;animation&quot;:&quot;none&quot;}\">\n\t\t\t\t<div class=\"elementor-element elementor-element-aeff709 elementor-cta--skin-cover elementor-cta--valign-bottom elementor-widget elementor-widget-call-to-action\" data-id=\"aeff709\" data-element_type=\"widget\" data-settings=\"{&quot;_animation&quot;:&quot;none&quot;}\" data-widget_type=\"call-to-action.default\">\n\t\t\t\t<div class=\"elementor-widget-container\">\n\t\t\t\t\t\t\t<div class=\"elementor-cta\">\n\t\t\t\t\t<div class=\"elementor-cta__bg-wrapper\">\n\t\t\t\t<div class=\"elementor-cta__bg elementor-bg\" style=\"background-image: url(https:\/\/easystartmkt.com.br\/teste\/wp-content\/uploads\/2024\/10\/Captura-de-tela-2024-10-18-143006.png);\" role=\"img\" aria-label=\"Captura de tela 2024-10-18 143006\"><\/div>\n\t\t\t\t<div class=\"elementor-cta__bg-overlay\"><\/div>\n\t\t\t<\/div>\n\t\t\t\t\t\t\t<div class=\"elementor-cta__content\">\n\t\t\t\t\n\t\t\t\t\t\t\t\t\t<div class=\"elementor-cta__title elementor-cta__content-item elementor-content-item\">\n\t\t\t\t\t\tLog\u00edstica otimizada\t\t\t\t\t<\/div>\n\t\t\t\t\n\t\t\t\t\t\t\t\t\t<div class=\"elementor-cta__description elementor-cta__content-item elementor-content-item\">\n\t\t\t\t\t\tNossa frota \u00e9 composta por caminh\u00f5es modernos e tecnologicamente avan\u00e7ados, garantindo a seguran\u00e7a e a efici\u00eancia no transporte de combust\u00edveis. \t\t\t\t\t<\/div>\n\t\t\t\t\n\t\t\t\t\t\t\t<\/div>\n\t\t\t\t\t\t<\/div>\n\t\t\t\t\t\t<\/div>\n\t\t\t\t<\/div>\n\t\t\t\t<\/div>\n\t\t\t\t\t<\/div>\n\t\t\t\t<\/div>\n\t\t\t\t<section data-particle_enable=\"false\" data-particle-mobile-disabled=\"false\" class=\"elementor-section elementor-top-section elementor-element elementor-element-7dab4b3 elementor-section-height-min-height elementor-section-boxed elementor-section-height-default elementor-section-items-middle\" data-id=\"7dab4b3\" data-element_type=\"section\" data-settings=\"{&quot;background_background&quot;:&quot;classic&quot;,&quot;animation&quot;:&quot;none&quot;}\">\n\t\t\t\t\t\t<div class=\"elementor-container elementor-column-gap-default\">\n\t\t\t\t\t<div class=\"elementor-column elementor-col-50 elementor-top-column elementor-element elementor-element-a805db6\" data-id=\"a805db6\" data-element_type=\"column\">\n\t\t\t<div class=\"elementor-widget-wrap elementor-element-populated\">\n\t\t\t\t\t\t<div class=\"elementor-element elementor-element-459dc12 scroll-top elementor-widget elementor-widget-elementskit-heading\" data-id=\"459dc12\" data-element_type=\"widget\" data-settings=\"{&quot;_animation&quot;:&quot;none&quot;}\" data-widget_type=\"elementskit-heading.default\">\n\t\t\t\t<div class=\"elementor-widget-container\">\n\t\t\t\t\t<div class=\"ekit-wid-con\" ><div class=\"ekit-heading elementskit-section-title-wraper text_left   ekit_heading_tablet-   ekit_heading_mobile-\"><h2 class=\"ekit-heading--title elementskit-section-title text_fill\">Realizamos entregas de \u00f3leo diesel a partir de 100 litros<\/h2><\/div><\/div>\t\t\t\t<\/div>\n\t\t\t\t<\/div>\n\t\t\t\t<div class=\"elementor-element elementor-element-fbd1902 scroll-top elementor-widget elementor-widget-text-editor\" data-id=\"fbd1902\" data-element_type=\"widget\" data-settings=\"{&quot;_animation&quot;:&quot;none&quot;}\" data-widget_type=\"text-editor.default\">\n\t\t\t\t<div class=\"elementor-widget-container\">\n\t\t\t\t\t\t\t\t\t<header class=\"ds_aboutQuoteDeliveryBox__heading d-flex flex-column\"><header class=\"ds_aboutQuoteDeliveryBox__heading d-flex flex-column\"><p class=\"ds_aboutQuoteDeliveryBox__subtitle\">Atendemos desde pequenas at\u00e9 grandes demandas, garantindo sempre agilidade, seguran\u00e7a e a qualidade do produto em qualquer quantidade necess\u00e1ria.<\/p><\/header><\/header>\t\t\t\t\t\t\t\t<\/div>\n\t\t\t\t<\/div>\n\t\t\t\t<div class=\"elementor-element elementor-element-a8dcfe2 elementor-align-left elementor-mobile-align-justify elementor-widget__width-auto elementor-widget-mobile__width-inherit scroll-top elementor-invisible elementor-widget elementor-widget-button\" data-id=\"a8dcfe2\" data-element_type=\"widget\" data-settings=\"{&quot;_animation&quot;:&quot;fadeInUp&quot;}\" data-widget_type=\"button.default\">\n\t\t\t\t<div class=\"elementor-widget-container\">\n\t\t\t\t\t\t\t\t\t<div class=\"elementor-button-wrapper\">\n\t\t\t\t\t<a class=\"elementor-button elementor-button-link elementor-size-sm elementor-animation-shrink\" href=\"#\">\n\t\t\t\t\t\t<span class=\"elementor-button-content-wrapper\">\n\t\t\t\t\t\t<span class=\"elementor-button-icon\">\n\t\t\t\t<svg aria-hidden=\"true\" class=\"e-font-icon-svg e-fas-arrow-right\" viewBox=\"0 0 448 512\" xmlns=\"http:\/\/www.w3.org\/2000\/svg\"><path d=\"M190.5 66.9l22.2-22.2c9.4-9.4 24.6-9.4 33.9 0L441 239c9.4 9.4 9.4 24.6 0 33.9L246.6 467.3c-9.4 9.4-24.6 9.4-33.9 0l-22.2-22.2c-9.5-9.5-9.3-25 .4-34.3L311.4 296H24c-13.3 0-24-10.7-24-24v-32c0-13.3 10.7-24 24-24h287.4L190.9 101.2c-9.8-9.3-10-24.8-.4-34.3z\"><\/path><\/svg>\t\t\t<\/span>\n\t\t\t\t\t\t\t\t\t<span class=\"elementor-button-text\">solicite um or\u00e7amento<\/span>\n\t\t\t\t\t<\/span>\n\t\t\t\t\t<\/a>\n\t\t\t\t<\/div>\n\t\t\t\t\t\t\t\t<\/div>\n\t\t\t\t<\/div>\n\t\t\t\t\t<\/div>\n\t\t<\/div>\n\t\t\t\t<div class=\"elementor-column elementor-col-50 elementor-top-column elementor-element elementor-element-825dbfa scroll-top elementor-hidden-mobile\" data-id=\"825dbfa\" data-element_type=\"column\" data-settings=\"{&quot;animation&quot;:&quot;none&quot;}\">\n\t\t\t<div class=\"elementor-widget-wrap elementor-element-populated\">\n\t\t\t\t\t\t<div class=\"elementor-element elementor-element-4b84d0c elementor-hidden-mobile elementor-widget elementor-widget-image\" data-id=\"4b84d0c\" data-element_type=\"widget\" data-settings=\"{&quot;_animation&quot;:&quot;none&quot;}\" data-widget_type=\"image.default\">\n\t\t\t\t<div class=\"elementor-widget-container\">\n\t\t\t\t\t\t\t\t\t\t\t\t\t\t\t<img decoding=\"async\" width=\"800\" height=\"584\" src=\"https:\/\/easystartmkt.com.br\/teste\/wp-content\/uploads\/2024\/12\/caminhaoitupetro2-3-1024x747.png\" class=\"attachment-large size-large wp-image-2023\" alt=\"\" srcset=\"https:\/\/easystartmkt.com.br\/teste\/wp-content\/uploads\/2024\/12\/caminhaoitupetro2-3-1024x747.png 1024w, https:\/\/easystartmkt.com.br\/teste\/wp-content\/uploads\/2024\/12\/caminhaoitupetro2-3-300x219.png 300w, https:\/\/easystartmkt.com.br\/teste\/wp-content\/uploads\/2024\/12\/caminhaoitupetro2-3-768x561.png 768w, https:\/\/easystartmkt.com.br\/teste\/wp-content\/uploads\/2024\/12\/caminhaoitupetro2-3-1536x1121.png 1536w, https:\/\/easystartmkt.com.br\/teste\/wp-content\/uploads\/2024\/12\/caminhaoitupetro2-3-2048x1495.png 2048w, https:\/\/easystartmkt.com.br\/teste\/wp-content\/uploads\/2024\/12\/caminhaoitupetro2-3-600x438.png 600w\" sizes=\"(max-width: 800px) 100vw, 800px\" \/>\t\t\t\t\t\t\t\t\t\t\t\t\t\t\t<\/div>\n\t\t\t\t<\/div>\n\t\t\t\t\t<\/div>\n\t\t<\/div>\n\t\t\t\t\t<\/div>\n\t\t<\/section>\n\t\t<div data-particle_enable=\"false\" data-particle-mobile-disabled=\"false\" class=\"elementor-element elementor-element-19c32c2 elementor-hidden-desktop elementor-hidden-tablet elementor-hidden-mobile e-flex e-con-boxed e-con e-parent\" data-id=\"19c32c2\" data-element_type=\"container\">\n\t\t\t\t\t<div class=\"e-con-inner\">\n\t\t\t\t<div class=\"elementor-element elementor-element-94590cc elementor-widget elementor-widget-html\" data-id=\"94590cc\" data-element_type=\"widget\" data-widget_type=\"html.default\">\n\t\t\t\t<div class=\"elementor-widget-container\">\n\t\t\t\t\t<script src=\"https:\/\/ajax.googleapis.com\/ajax\/libs\/jquery\/3.6.0\/jquery.min.js\"><\/script>\n<script>\n    document.addEventListener('DOMContentLoaded', function() {\n    \/\/ Verifique se a p\u00e1gina est\u00e1 sendo editada no Elementor\n    const isElementorEditMode = document.body.classList.contains('elementor-editor-active');\n\n    if (!isElementorEditMode) {\n        \/\/ Adicione a l\u00f3gica de anima\u00e7\u00e3o aqui apenas se n\u00e3o estiver no modo de edi\u00e7\u00e3o do Elementor\n        const elementos = document.querySelectorAll(\".scroll-bottom, .scroll-left, .scroll-top, .scroll-right, .zoom-in\");\n        const posicaoScroll = window.innerHeight * 0.7;\n\n        function fadeScroll() {\n            elementos.forEach(elemento => {\n                const elementoTop = elemento.getBoundingClientRect().top - posicaoScroll;\n                if (elementoTop < 80) {\n                    elemento.classList.add(\"ativo\");\n                } else {\n                    elemento.classList.remove(\"ativoo\");\n                }\n            });\n        }\n\n        window.addEventListener(\"scroll\", fadeScroll);\n\n        \/\/ Verifica\u00e7\u00e3o inicial para garantir que as anima\u00e7\u00f5es sejam aplicadas no carregamento\n        fadeScroll();\n\n        function iniciarAnimacao(entradas, delay) {\n            entradas.forEach((entrada, index) => {\n                setTimeout(() => {\n                    entrada.style.opacity = '1';\n                    entrada.style.transform = 'translate(0, 0)';\n                    entrada.style.filter = 'blur(0px)';\n                }, delay + (index * 100)); \/\/ Atraso incremental para suavizar as anima\u00e7\u00f5es\n            });\n        }\n\n        var entradas = document.querySelectorAll('.entrada');\n        iniciarAnimacao(entradas, 1200);\n\n        var entradasLeft = document.querySelectorAll('.entrada-left');\n        iniciarAnimacao(entradasLeft, 400);\n\n        var entradasRight = document.querySelectorAll('.entrada-right');\n        iniciarAnimacao(entradasRight, 200);\n\n        \/\/ For\u00e7ar uma verifica\u00e7\u00e3o inicial no carregamento da p\u00e1gina para garantir a anima\u00e7\u00e3o\n        window.addEventListener(\"load\", fadeScroll);\n        fadeScroll(); \/\/ Chamada adicional para garantir que a verifica\u00e7\u00e3o ocorra mesmo antes de qualquer evento de rolagem\n    }\n});\n\n\n<\/script>\n\t\t\t\t<\/div>\n\t\t\t\t<\/div>\n\t\t\t\t\t<\/div>\n\t\t\t\t<\/div>\n\t\t\t\t<\/div>\n\t\t","protected":false},"excerpt":{"rendered":"<p>Conhe\u00e7a nossa hist\u00f3ria +30 anos de experi\u00eancia Itu Petro Desde 1991 distribuindo \u00f3leo diesel com qualidade, agilidade, pontualidade e confian\u00e7a. Desde sua funda\u00e7\u00e3o em 1991, a Itu Petro se destaca pela excel\u00eancia na qualidade dos produtos, efici\u00eancia e agilidade em sua log\u00edstica. Nossa miss\u00e3o \u00e9 fornecer \u00f3leo diesel diretamente aos pequenos, m\u00e9dios e grandes consumidores, [&hellip;]<\/p>\n","protected":false},"author":2,"featured_media":0,"parent":0,"menu_order":0,"comment_status":"closed","ping_status":"closed","template":"elementor_header_footer","meta":{"footnotes":""},"class_list":["post-759","page","type-page","status-publish","hentry"],"_links":{"self":[{"href":"https:\/\/easystartmkt.com.br\/teste\/wp-json\/wp\/v2\/pages\/759","targetHints":{"allow":["GET"]}}],"collection":[{"href":"https:\/\/easystartmkt.com.br\/teste\/wp-json\/wp\/v2\/pages"}],"about":[{"href":"https:\/\/easystartmkt.com.br\/teste\/wp-json\/wp\/v2\/types\/page"}],"author":[{"embeddable":true,"href":"https:\/\/easystartmkt.com.br\/teste\/wp-json\/wp\/v2\/users\/2"}],"replies":[{"embeddable":true,"href":"https:\/\/easystartmkt.com.br\/teste\/wp-json\/wp\/v2\/comments?post=759"}],"version-history":[{"count":198,"href":"https:\/\/easystartmkt.com.br\/teste\/wp-json\/wp\/v2\/pages\/759\/revisions"}],"predecessor-version":[{"id":2029,"href":"https:\/\/easystartmkt.com.br\/teste\/wp-json\/wp\/v2\/pages\/759\/revisions\/2029"}],"wp:attachment":[{"href":"https:\/\/easystartmkt.com.br\/teste\/wp-json\/wp\/v2\/media?parent=759"}],"curies":[{"name":"wp","href":"https:\/\/api.w.org\/{rel}","templated":true}]}}